{"id":777,"date":"2021-01-08T10:53:13","date_gmt":"2021-01-08T10:53:13","guid":{"rendered":"https:\/\/www.szallodafotozas.hu\/?page_id=777"},"modified":"2022-02-18T09:44:46","modified_gmt":"2022-02-18T09:44:46","slug":"komplett-csomag","status":"publish","type":"page","link":"https:\/\/www.szallodafotozas.hu\/en\/komplett-csomag\/","title":{"rendered":"Komplett csomag"},"content":{"rendered":"<div id=\"fws_69f64d5a802de\"  data-column-margin=\"default\" data-midnight=\"dark\"  class=\"wpb_row vc_row-fluid vc_row\"  style=\"padding-top: 0px; padding-bottom: 0px; \"><div class=\"row-bg-wrap\" data-bg-animation=\"none\" data-bg-animation-delay=\"\" data-bg-overlay=\"false\"><div class=\"inner-wrap row-bg-layer\" ><div class=\"row-bg viewport-desktop\"  style=\"\"><\/div><\/div><\/div><div class=\"row_col_wrap_12 col span_12 dark left\">\n\t<div  class=\"vc_col-sm-12 wpb_column column_container vc_column_container col no-extra-padding inherit_tablet inherit_phone\"  data-padding-pos=\"all\" data-has-bg-color=\"false\" data-bg-color=\"\" data-bg-opacity=\"1\" data-animation=\"\" data-delay=\"0\" >\n\t\t<div class=\"vc_column-inner\" >\n\t\t\t<div class=\"wpb_wrapper\">\n\t\t\t\t<h2 style=\"text-align: center\" class=\"vc_custom_heading vc_do_custom_heading\" >Tartsd egyben a teljes k\u00e9pi megjelen\u00e9sed!<\/h2><h5 style=\"text-align: center\" class=\"vc_custom_heading vc_do_custom_heading\" >Do you want to effectively manage visual content production? Work with me to make your life easier!<\/h5><h5 style=\"text-align: center\" class=\"vc_custom_heading vc_do_custom_heading\" >A fot\u00f3z\u00e1s sz\u00e1mos ter\u00fclet\u00e9n \u00e1llok rendelkez\u00e9sedre, Neked el\u00e9g velem kommunik\u00e1lni. A t\u00f6bbit b\u00edzd r\u00e1m \u00e9s \u00e9lvezd a t\u00f6k\u00e9letes v\u00e9geredm\u00e9nyt!<\/h5>\n\t\t\t<\/div> \n\t\t<\/div>\n\t<\/div> \n<\/div><\/div>\n\t\t<div id=\"fws_69f64d5a8129a\"  data-column-margin=\"default\" data-midnight=\"dark\" data-top-percent=\"5%\"  class=\"wpb_row vc_row-fluid vc_row full-width-content vc_row-o-equal-height vc_row-flex vc_row-o-content-top\"  style=\"padding-top: calc(100vw * 0.05); padding-bottom: 0px; \"><div class=\"row-bg-wrap\" data-bg-animation=\"none\" data-bg-animation-delay=\"\" data-bg-overlay=\"false\"><div class=\"inner-wrap row-bg-layer\" ><div class=\"row-bg viewport-desktop\"  style=\"\"><\/div><\/div><\/div><div class=\"row_col_wrap_12 col span_12 dark left\">\n\t<div  class=\"vc_col-sm-12 wpb_column column_container vc_column_container col no-extra-padding inherit_tablet inherit_phone\"  data-padding-pos=\"all\" data-has-bg-color=\"false\" data-bg-color=\"\" data-bg-opacity=\"1\" data-animation=\"\" data-delay=\"0\" >\n\t\t<div class=\"vc_column-inner\" >\n\t\t\t<div class=\"wpb_wrapper\">\n\t\t\t\t<div id=\"fws_69f64d5a818f4\" data-midnight=\"\" data-column-margin=\"default\" class=\"wpb_row vc_row-fluid vc_row inner_row\"  style=\"\"><div class=\"row-bg-wrap\"> <div class=\"row-bg\" ><\/div> <\/div><div class=\"row_col_wrap_12_inner col span_12  left\">\n\t<div  class=\"vc_col-sm-3 wpb_column column_container vc_column_container col child_column no-extra-padding inherit_tablet inherit_phone\"   data-padding-pos=\"all\" data-has-bg-color=\"false\" data-bg-color=\"\" data-bg-opacity=\"1\" data-animation=\"\" data-delay=\"0\" >\n\t\t<div class=\"vc_column-inner\" >\n\t\t<div class=\"wpb_wrapper\">\n\t\t\t<div class=\"nectar-fancy-box style-5 using-img\" data-align=\"middle\" data-overlay-opacity=\"0.6\" data-overlay-opacity-hover=\"0.2\" data-style=\"parallax_hover\" data-border-radius=\"default\" data-animation=\"\" data-delay=\"\" data-color=\"accent-color\"><a  href=\"https:\/\/www.szallodafotozas.hu\/en\/hotel-fotozas\/\" class=\"box-link\"><\/a><div class=\"parallaxImg\"><div class=\"parallaxImg-layer\" data-img=\"\"><\/div><div class=\"parallaxImg-layer\"> <div class=\"meta-wrap\" style=\"min-height: 600px\"><div class=\"inner\"><span class=\"im-icon-wrap\" data-color=\"accent-color\"><span><svg role=\"presentation\" version=\"1.1\" xmlns=\"http:\/\/www.w3.org\/2000\/svg\" width=\"50\" height=\"50\" viewbox=\"0 0 32 32\">\n        <path d=\"M24 32h-16c-0.368 0-0.667-0.3-0.667-0.667v-29.333c0-0.368 0.299-0.667 0.667-0.667h16c0.367 0 0.667 0.299 0.667 0.667v29.333c0 0.367-0.3 0.667-0.667 0.667zM8.667 30.667h14.667v-28h-14.667v28zM19.333 1.333h-6.667c-0.368 0-0.667-0.299-0.667-0.667s0.299-0.667 0.667-0.667h6.667c0.367 0 0.667 0.299 0.667 0.667s-0.3 0.667-0.667 0.667zM14.667 13.333h-4c-0.368 0-0.667-0.299-0.667-0.667v-5.333c0-0.368 0.299-0.667 0.667-0.667h4c0.368 0 0.667 0.299 0.667 0.667v5.333c0 0.368-0.299 0.667-0.667 0.667zM11.333 12h2.667v-4h-2.667v4zM21.333 13.333h-4c-0.367 0-0.667-0.299-0.667-0.667v-5.333c0-0.368 0.3-0.667 0.667-0.667h4c0.367 0 0.667 0.299 0.667 0.667v5.333c0 0.368-0.3 0.667-0.667 0.667zM18 12h2.667v-4h-2.667v4zM14.667 21.333h-4c-0.368 0-0.667-0.3-0.667-0.667v-5.333c0-0.368 0.299-0.667 0.667-0.667h4c0.368 0 0.667 0.299 0.667 0.667v5.333c0 0.367-0.299 0.667-0.667 0.667zM11.333 20h2.667v-4h-2.667v4zM21.333 21.333h-4c-0.367 0-0.667-0.3-0.667-0.667v-5.333c0-0.368 0.3-0.667 0.667-0.667h4c0.367 0 0.667 0.299 0.667 0.667v5.333c0 0.367-0.3 0.667-0.667 0.667zM18 20h2.667v-4h-2.667v4zM18.667 32h-5.333c-0.368 0-0.667-0.3-0.667-0.667v-8c0-0.367 0.299-0.667 0.667-0.667h5.333c0.367 0 0.667 0.3 0.667 0.667v8c0 0.367-0.3 0.667-0.667 0.667zM14 30.667h4v-6.667h-4v6.667z\"><\/path>\n        <\/svg><\/span><\/span>\n<h2>Enteri\u0151rfot\u00f3z\u00e1s<\/h2>\n<h5><\/h5>\n<\/div> <\/div><\/div><\/div><\/div>\n\t\t<\/div> \n\t<\/div>\n\t<\/div> \n\n\t<div  class=\"vc_col-sm-3 wpb_column column_container vc_column_container col child_column no-extra-padding inherit_tablet inherit_phone\"   data-padding-pos=\"all\" data-has-bg-color=\"false\" data-bg-color=\"\" data-bg-opacity=\"1\" data-animation=\"\" data-delay=\"0\" >\n\t\t<div class=\"vc_column-inner\" >\n\t\t<div class=\"wpb_wrapper\">\n\t\t\t<div class=\"nectar-fancy-box style-5 using-img\" data-align=\"middle\" data-overlay-opacity=\"0.6\" data-overlay-opacity-hover=\"0.2\" data-style=\"parallax_hover\" data-border-radius=\"default\" data-animation=\"\" data-delay=\"\" data-color=\"accent-color\"><a  href=\"https:\/\/www.szallodafotozas.hu\/en\/etelfotozas\/\" class=\"box-link\"><\/a><div class=\"parallaxImg\"><div class=\"parallaxImg-layer\" data-img=\"\"><\/div><div class=\"parallaxImg-layer\"> <div class=\"meta-wrap\" style=\"min-height: 600px\"><div class=\"inner\"><span class=\"im-icon-wrap\" data-color=\"accent-color\"><span><svg role=\"presentation\" version=\"1.1\" xmlns=\"http:\/\/www.w3.org\/2000\/svg\" width=\"50\" height=\"50\" viewbox=\"0 0 32 32\">\n        <path d=\"M25.585 30h-19.165c-1.652 0-3.676-1.127-4.255-2.667h-0.161v-0.731l-0.072-0.603h28.14l-0.071 0.667v0.667h-0.163c-0.576 1.54-2.6 2.667-4.253 2.667zM3.671 27.333c0.579 0.761 1.796 1.333 2.749 1.333h19.167c0.953 0 2.172-0.572 2.751-1.333h-24.667zM30.671 27.333h-29.333c-0.368 0-0.667-0.3-0.667-0.667v-5.333c0-0.367 0.299-0.667 0.667-0.667h29.333c0.368 0 0.667 0.3 0.667 0.667v5.333c0 0.367-0.299 0.667-0.667 0.667zM2.004 26h28v-4h-28v4zM25.585 19.459c-1.423 0-2.584-1.159-2.584-2.584 0-0.689-0.56-1.251-1.251-1.251-0.692 0-1.251 0.56-1.251 1.251 0 1.424-1.159 2.584-2.584 2.584-1.424 0-2.584-1.159-2.584-2.584 0-0.689-0.56-1.251-1.251-1.251s-1.251 0.56-1.251 1.251c0 1.424-1.159 2.584-2.584 2.584s-2.584-1.159-2.584-2.584c0-0.689-0.56-1.251-1.251-1.251s-1.251 0.56-1.251 1.251c0 1.424-1.159 2.584-2.584 2.584s-2.584-1.159-2.584-2.584c0-0.368 0.299-0.667 0.667-0.667s0.667 0.299 0.667 0.667c0 0.689 0.56 1.251 1.251 1.251s1.251-0.56 1.251-1.251c0-1.424 1.159-2.584 2.584-2.584s2.584 1.159 2.584 2.584c0 0.689 0.56 1.251 1.251 1.251s1.251-0.56 1.251-1.251c0-1.424 1.159-2.584 2.584-2.584s2.584 1.159 2.584 2.584c0 0.689 0.56 1.251 1.251 1.251 0.692 0 1.251-0.56 1.251-1.251 0-1.424 1.159-2.584 2.584-2.584 1.424 0 2.584 1.159 2.584 2.584 0 0.689 0.56 1.251 1.251 1.251 0.692 0 1.251-0.56 1.251-1.251 0-1.424 1.159-2.584 2.584-2.584 1.424 0 2.584 1.159 2.584 2.584 0 0.367-0.3 0.667-0.667 0.667s-0.667-0.3-0.667-0.667c0-0.689-0.56-1.251-1.251-1.251-0.692 0-1.251 0.56-1.251 1.251 0.001 1.425-1.157 2.584-2.584 2.584zM30.671 12.667h-29.333c-0.368 0-0.667-0.299-0.667-0.667v-1.459c0-8.541 6.484-8.541 13.992-8.541h2.683c7.508 0 13.992 0 13.992 8.541v1.459c0 0.368-0.299 0.667-0.667 0.667zM2.004 11.333h28v-0.792c0-6.888-4.34-7.208-12.659-7.208h-2.683c-8.319 0-12.659 0.321-12.659 7.208v0.792z\"><\/path>\n        <\/svg><\/span><\/span>\n<h2>Food photography<\/h2>\n<h5><\/h5>\n<\/div> <\/div><\/div><\/div><\/div>\n\t\t<\/div> \n\t<\/div>\n\t<\/div> \n\n\t<div  class=\"vc_col-sm-3 wpb_column column_container vc_column_container col child_column no-extra-padding inherit_tablet inherit_phone\"   data-padding-pos=\"all\" data-has-bg-color=\"false\" data-bg-color=\"\" data-bg-opacity=\"1\" data-animation=\"\" data-delay=\"0\" >\n\t\t<div class=\"vc_column-inner\" >\n\t\t<div class=\"wpb_wrapper\">\n\t\t\t<div class=\"nectar-fancy-box style-5 using-img\" data-align=\"middle\" data-overlay-opacity=\"0.6\" data-overlay-opacity-hover=\"0.2\" data-style=\"parallax_hover\" data-border-radius=\"default\" data-animation=\"\" data-delay=\"\" data-color=\"accent-color\"><a  href=\"https:\/\/www.szallodafotozas.hu\/en\/portrefotozas\/\" class=\"box-link\"><\/a><div class=\"parallaxImg\"><div class=\"parallaxImg-layer\" data-img=\"https:\/\/www.szallodafotozas.hu\/wp-content\/uploads\/2021\/01\/Portre_szalloda-013.jpg\"><\/div><div class=\"parallaxImg-layer\"> <div class=\"meta-wrap\" style=\"min-height: 600px\"><div class=\"inner\"><span class=\"im-icon-wrap\" data-color=\"accent-color\"><span><svg role=\"presentation\" version=\"1.1\" xmlns=\"http:\/\/www.w3.org\/2000\/svg\" width=\"50\" height=\"50\" viewbox=\"0 0 32 32\">\n        <path d=\"M30 31.332c-0.367 0-0.667-0.299-0.667-0.667v-1.333c0-3.324-4.909-4.563-8.001-4.563-0.207 0-0.403-0.096-0.528-0.26l-3-3.896c-0.224-0.292-0.169-0.709 0.123-0.935 0.293-0.223 0.711-0.171 0.935 0.123l2.803 3.639c3.74 0.089 9.003 1.692 9.003 5.892v1.333c0 0.368-0.3 0.667-0.667 0.667zM2 31.332c-0.368 0-0.667-0.299-0.667-0.667v-1.333c0-4.204 5.273-5.805 9.013-5.892l2.969-3.653c0.233-0.284 0.653-0.327 0.939-0.095 0.285 0.233 0.329 0.651 0.097 0.936l-3.167 3.897c-0.127 0.155-0.317 0.248-0.517 0.248-3.093 0-8 1.239-8 4.563v1.333c-0.001 0.364-0.3 0.663-0.668 0.663zM16 20.665c-7.805 0-10.595-4.364-11.263-5.701-0.101-0.2-0.092-0.445 0.024-0.639 0.632-1.056 2.329-4.037 2.589-5.144 1.277-5.411 4.429-8.513 8.649-8.513s7.372 3.103 8.648 8.513c0.263 1.108 1.959 4.089 2.591 5.144 0.115 0.195 0.125 0.437 0.024 0.639-0.669 1.337-3.457 5.701-11.263 5.701zM6.099 14.681c0.817 1.417 3.404 4.651 9.901 4.651s9.084-3.237 9.901-4.651c-0.596-1.016-2.243-3.892-2.549-5.195-0.532-2.251-2.312-7.487-7.352-7.487s-6.82 5.236-7.351 7.487c-0.308 1.303-1.955 4.179-2.551 5.195zM13.333 31.332c-0.040 0-0.081-0.004-0.121-0.012-0.216-0.039-0.399-0.184-0.488-0.384l-2.667-6c-0.119-0.268-0.049-0.584 0.172-0.775 0.223-0.195 0.543-0.216 0.791-0.061l5.333 3.333c0.172 0.108 0.285 0.288 0.308 0.489 0.024 0.199-0.047 0.404-0.191 0.544l-2.667 2.667c-0.125 0.129-0.296 0.199-0.471 0.199zM12.161 26.385l1.388 3.123 1.388-1.388-2.776-1.735zM18.665 31.332c-0.175 0-0.345-0.069-0.472-0.195l-2.667-2.667c-0.144-0.14-0.215-0.345-0.191-0.544 0.023-0.201 0.137-0.381 0.308-0.489l5.333-3.333c0.249-0.156 0.569-0.133 0.792 0.061 0.221 0.195 0.291 0.507 0.172 0.775l-2.667 6c-0.088 0.2-0.272 0.345-0.488 0.384-0.039 0.004-0.081 0.008-0.121 0.008zM17.063 28.12l1.388 1.388 1.388-3.123-2.776 1.735z\"><\/path>\n        <\/svg><\/span><\/span>\n<h2>Portrait<\/h2>\n<h5><\/h5>\n<\/div> <\/div><\/div><\/div><\/div>\n\t\t<\/div> \n\t<\/div>\n\t<\/div> \n\n\t<div  class=\"vc_col-sm-3 wpb_column column_container vc_column_container col child_column no-extra-padding inherit_tablet inherit_phone\"   data-padding-pos=\"all\" data-has-bg-color=\"false\" data-bg-color=\"\" data-bg-opacity=\"1\" data-animation=\"\" data-delay=\"0\" >\n\t\t<div class=\"vc_column-inner\" >\n\t\t<div class=\"wpb_wrapper\">\n\t\t\t<div class=\"nectar-fancy-box style-5 using-img\" data-align=\"middle\" data-overlay-opacity=\"0.6\" data-overlay-opacity-hover=\"0.2\" data-style=\"parallax_hover\" data-border-radius=\"default\" data-animation=\"\" data-delay=\"\" data-color=\"accent-color\"><a  href=\"https:\/\/www.szallodafotozas.hu\/en\/rendezvenyfotok\/\" class=\"box-link\"><\/a><div class=\"parallaxImg\"><div class=\"parallaxImg-layer\" data-img=\"https:\/\/www.szallodafotozas.hu\/wp-content\/uploads\/2021\/01\/Rendezveny_szalloda-042.jpg\"><\/div><div class=\"parallaxImg-layer\"> <div class=\"meta-wrap\" style=\"min-height: 600px\"><div class=\"inner\"><span class=\"im-icon-wrap\" data-color=\"accent-color\"><span><svg role=\"presentation\" version=\"1.1\" xmlns=\"http:\/\/www.w3.org\/2000\/svg\" width=\"50\" height=\"50\" viewbox=\"0 0 32 32\">\n        <path d=\"M20.505 32h-9.333c-0.367 0-0.667-0.3-0.667-0.667 0-0.368 0.3-0.667 0.667-0.667h9.333c0.367 0 0.667 0.299 0.667 0.667 0 0.367-0.3 0.667-0.667 0.667zM15.837 31.333c-0.367 0-0.667-0.3-0.667-0.667v-13.333c0-0.368 0.3-0.667 0.667-0.667s0.667 0.299 0.667 0.667v13.333c0 0.367-0.299 0.667-0.667 0.667zM15.837 18c-0.001 0-0.004 0-0.005 0-0.209-0.001-0.407-0.101-0.528-0.269l-9.393-12.667c-0.148-0.203-0.173-0.472-0.060-0.696 0.115-0.225 0.344-0.365 0.595-0.365h19.111c0.252 0 0.484 0.143 0.596 0.372 0.112 0.228 0.084 0.5-0.068 0.699l-9.72 12.667c-0.124 0.164-0.32 0.26-0.527 0.26zM7.771 5.333l8.077 10.893 8.357-10.893h-16.435zM15.272 13.747c-0.208 0-0.413-0.096-0.543-0.28l-8.827-12.413c-0.213-0.301-0.143-0.716 0.156-0.929s0.716-0.143 0.929 0.157l8.825 12.413c0.213 0.301 0.14 0.716-0.156 0.929-0.116 0.083-0.252 0.123-0.385 0.123z\"><\/path>\n        <\/svg><\/span><\/span>\n<h2>Event<\/h2>\n<h5><\/h5>\n<\/div> <\/div><\/div><\/div><\/div>\n\t\t<\/div> \n\t<\/div>\n\t<\/div> \n<\/div><\/div>\n\t\t\t<\/div> \n\t\t<\/div>\n\t<\/div> \n\n\t<div  class=\"vc_col-sm-12 wpb_column column_container vc_column_container col no-extra-padding inherit_tablet inherit_phone\"  data-padding-pos=\"all\" data-has-bg-color=\"false\" data-bg-color=\"\" data-bg-opacity=\"1\" data-animation=\"\" data-delay=\"0\" >\n\t\t<div class=\"vc_column-inner\" >\n\t\t\t<div class=\"wpb_wrapper\">\n\t\t\t\t\n\t\t\t<\/div> \n\t\t<\/div>\n\t<\/div> \n<\/div><\/div>","protected":false},"excerpt":{"rendered":"Tartsd egyben a teljes k\u00e9pi megjelen\u00e9sed!Szeretn\u00e9d hat\u00e9konyan kezelni a vizu\u00e1lis tartalomgy\u00e1rt\u00e1st? Dolgozz velem, hogy megk\u00f6nny\u00edtsem az \u00e9leted!A fot\u00f3z\u00e1s sz\u00e1mos ter\u00fclet\u00e9n \u00e1llok rendelkez\u00e9sedre, Neked el\u00e9g velem kommunik\u00e1lni. A t\u00f6bbit b\u00edzd r\u00e1m...","protected":false},"author":1,"featured_media":0,"parent":0,"menu_order":0,"comment_status":"closed","ping_status":"closed","template":"","meta":{"footnotes":""},"class_list":["post-777","page","type-page","status-publish"],"_links":{"self":[{"href":"https:\/\/www.szallodafotozas.hu\/en\/wp-json\/wp\/v2\/pages\/777","targetHints":{"allow":["GET"]}}],"collection":[{"href":"https:\/\/www.szallodafotozas.hu\/en\/wp-json\/wp\/v2\/pages"}],"about":[{"href":"https:\/\/www.szallodafotozas.hu\/en\/wp-json\/wp\/v2\/types\/page"}],"author":[{"embeddable":true,"href":"https:\/\/www.szallodafotozas.hu\/en\/wp-json\/wp\/v2\/users\/1"}],"replies":[{"embeddable":true,"href":"https:\/\/www.szallodafotozas.hu\/en\/wp-json\/wp\/v2\/comments?post=777"}],"version-history":[{"count":14,"href":"https:\/\/www.szallodafotozas.hu\/en\/wp-json\/wp\/v2\/pages\/777\/revisions"}],"predecessor-version":[{"id":1102,"href":"https:\/\/www.szallodafotozas.hu\/en\/wp-json\/wp\/v2\/pages\/777\/revisions\/1102"}],"wp:attachment":[{"href":"https:\/\/www.szallodafotozas.hu\/en\/wp-json\/wp\/v2\/media?parent=777"}],"curies":[{"name":"wp","href":"https:\/\/api.w.org\/{rel}","templated":true}]}}