{"id":767,"date":"2021-01-07T09:33:34","date_gmt":"2021-01-07T09:33:34","guid":{"rendered":"https:\/\/www.szallodafotozas.hu\/?page_id=767"},"modified":"2026-01-21T13:59:55","modified_gmt":"2026-01-21T13:59:55","slug":"kapcsolat","status":"publish","type":"page","link":"https:\/\/www.szallodafotozas.hu\/en\/kapcsolat\/","title":{"rendered":"Contact"},"content":{"rendered":"<div id=\"fws_69e491fec154c\"  data-column-margin=\"default\" data-midnight=\"dark\"  class=\"wpb_row vc_row-fluid vc_row\"  style=\"padding-top: 0px; padding-bottom: 0px; \"><div class=\"row-bg-wrap\" data-bg-animation=\"none\" data-bg-animation-delay=\"\" data-bg-overlay=\"false\"><div class=\"inner-wrap row-bg-layer\" ><div class=\"row-bg viewport-desktop\"  style=\"\"><\/div><\/div><\/div><div class=\"row_col_wrap_12 col span_12 dark left\">\n\t<div  class=\"vc_col-sm-4 wpb_column column_container vc_column_container col no-extra-padding inherit_tablet inherit_phone flex_gap_desktop_10px\"  data-padding-pos=\"all\" data-has-bg-color=\"false\" data-bg-color=\"\" data-bg-opacity=\"1\" data-animation=\"\" data-delay=\"0\" >\n\t\t<div class=\"vc_column-inner\" >\n\t\t\t<div class=\"wpb_wrapper\">\n\t\t\t\t<h4 style=\"text-align: left\" class=\"vc_custom_heading vc_do_custom_heading\" >Fordulj hozz\u00e1m bizalommal, ha felkeltettem \u00e9rdekl\u0151d\u00e9sed, munk\u00e1mra 100% el\u00e9gedetts\u00e9gi garanci\u00e1t v\u00e1llalok!<\/h4><h5 style=\"text-align: left\" class=\"vc_custom_heading vc_do_custom_heading\" >phone: +36302240983<\/h5><h5 style=\"text-align: left\" class=\"vc_custom_heading vc_do_custom_heading\" >e-mail: hello@szallodafotozas.hu<\/h5><div class=\"nectar_icon_wrap\" data-style=\"default\" data-padding=\"20px\" data-color=\"extra-color-1\" style=\"\" >\n\t\t<div class=\"nectar_icon\" ><a href=\"https:\/\/www.instagram.com\/szalloda_enterior_fotozas\/\" target=\"_blank\" rel=\"noopener\"><\/a><i style=\"font-size: 50px; line-height: 50px; height: 50px; width: 50px;\" class=\"fa fa-instagram\"><\/i><\/div>\n\t<\/div><div class=\"nectar_icon_wrap\" data-style=\"default\" data-padding=\"20px\" data-color=\"accent-color\" style=\"\" >\n\t\t<div class=\"nectar_icon\" ><a href=\"http:\/\/www.linkedin.com\/in\/p\u00e1l-tam\u00e1s-845770194\" target=\"_blank\" rel=\"noopener\"><\/a><i style=\"font-size: 50px; line-height: 50px; height: 50px; width: 50px;\" class=\"fa fa-linkedin\"><\/i><\/div>\n\t<\/div>\n\t\t\t<\/div> \n\t\t<\/div>\n\t<\/div> \n\n\t<div  class=\"vc_col-sm-8 wpb_column column_container vc_column_container col no-extra-padding inherit_tablet inherit_phone flex_gap_desktop_10px\"  data-padding-pos=\"all\" data-has-bg-color=\"false\" data-bg-color=\"\" data-bg-opacity=\"1\" data-animation=\"\" data-delay=\"0\" >\n\t\t<div class=\"vc_column-inner\" >\n\t\t\t<div class=\"wpb_wrapper\">\n\t\t\t\t\n<div class=\"wpb_text_column wpb_content_element\" >\n\t<div class=\"wpforms-container wpforms-container-full wpforms-block\" id=\"wpforms-769\">\n<form id=\"wpforms-form-769\" class=\"wpforms-validate wpforms-form\" data-formid=\"769\" method=\"post\" enctype=\"multipart\/form-data\" action=\"\/en\/wp-json\/wp\/v2\/pages\/767\" data-token=\"e106fa3196510dcee16023430f79fe16\" data-token-time=\"1776587262\" data-trp-original-action=\"\/en\/wp-json\/wp\/v2\/pages\/767\"><noscript class=\"wpforms-error-noscript\">Please enable JavaScript in your browser to complete this form.<\/noscript><\/p>\n<div class=\"wpforms-field-container\">\n<div id=\"wpforms-769-field_0-container\" class=\"wpforms-field wpforms-field-name\" data-field-id=\"0\"><label class=\"wpforms-field-label\" for=\"wpforms-769-field_0\">Name <span class=\"wpforms-required-label\">*<\/span><\/label><input type=\"text\" id=\"wpforms-769-field_0\" class=\"wpforms-field-medium wpforms-field-required\" name=\"wpforms&#091;fields&#093;&#091;0&#093;\" required><\/div>\n<div id=\"wpforms-769-field_1-container\" class=\"wpforms-field wpforms-field-email\" data-field-id=\"1\"><label class=\"wpforms-field-label\" for=\"wpforms-769-field_1\">E-mail <span class=\"wpforms-required-label\">*<\/span><\/label><input type=\"email\" id=\"wpforms-769-field_1\" class=\"wpforms-field-medium wpforms-field-required\" name=\"wpforms&#091;fields&#093;&#091;1&#093;\" spellcheck=\"false\" required><\/div>\n<div id=\"wpforms-769-field_3-container\" class=\"wpforms-field wpforms-field-number\" data-field-id=\"3\"><label class=\"wpforms-field-label\" for=\"wpforms-769-field_3\">Phone <span class=\"wpforms-required-label\">*<\/span><\/label><input type=\"number\" id=\"wpforms-769-field_3\" class=\"wpforms-field-medium wpforms-field-required\" name=\"wpforms&#091;fields&#093;&#091;3&#093;\" step=\"any\" required><\/div>\n<div id=\"wpforms-769-field_4-container\" class=\"wpforms-field wpforms-field-text\" data-field-id=\"4\"><label class=\"wpforms-field-label\" for=\"wpforms-769-field_4\">Subject<\/label><input type=\"text\" id=\"wpforms-769-field_4\" class=\"wpforms-field-medium\" name=\"wpforms&#091;fields&#093;&#091;4&#093;\" ><\/div>\n<div id=\"wpforms-769-field_6-container\" class=\"wpforms-field wpforms-field-text\" data-field-id=\"6\"><label class=\"wpforms-field-label\" for=\"wpforms-769-field_6\">Date<\/label><input type=\"text\" id=\"wpforms-769-field_6\" class=\"wpforms-field-medium\" name=\"wpforms&#091;fields&#093;&#091;6&#093;\" ><\/div>\n<div id=\"wpforms-769-field_7-container\" class=\"wpforms-field wpforms-field-text\" data-field-id=\"7\"><label class=\"wpforms-field-label\" for=\"wpforms-769-field_7\">Location<\/label><input type=\"text\" id=\"wpforms-769-field_7\" class=\"wpforms-field-medium\" name=\"wpforms&#091;fields&#093;&#091;7&#093;\" ><\/div>\n<div id=\"wpforms-769-field_2-container\" class=\"wpforms-field wpforms-field-textarea\" data-field-id=\"2\"><label class=\"wpforms-field-label\" for=\"wpforms-769-field_2\">Message <span class=\"wpforms-required-label\">*<\/span><\/label><textarea id=\"wpforms-769-field_2\" class=\"wpforms-field-medium wpforms-field-required\" name=\"wpforms&#091;fields&#093;&#091;2&#093;\" required><\/textarea><\/div>\n<\/div>\n<p><!-- .wpforms-field-container --><\/p>\n<div class=\"wpforms-submit-container\" ><input type=\"hidden\" name=\"wpforms&#091;id&#093;\" value=\"769\"><input type=\"hidden\" name=\"page_title\" value=\"\"><input type=\"hidden\" name=\"page_url\" value=\"https:\/\/www.szallodafotozas.hu\/en\/wp-json\/wp\/v2\/pages\/767\"><input type=\"hidden\" name=\"url_referer\" value=\"\"><button type=\"submit\" name=\"wpforms&#091;submit&#093;\" id=\"wpforms-submit-769\" class=\"wpforms-submit\" data-alt-text=\"K\u00fcld\u00e9s...\" data-submit-text=\"K\u00fcld\u00e9s\" aria-live=\"assertive\" value=\"wpforms-submit\">Send<\/button><\/div>\n<input type=\"hidden\" name=\"trp-form-language\" value=\"en\"\/><\/form>\n<\/div>\n<p>  <!-- .wpforms-container --><\/p>\n<\/div>\n\n\n\n\n\t\t\t<\/div> \n\t\t<\/div>\n\t<\/div> \n<\/div><\/div>","protected":false},"excerpt":{"rendered":"Fordulj hozz\u00e1m bizalommal, ha felkeltettem \u00e9rdekl\u0151d\u00e9sed, munk\u00e1mra 100% el\u00e9gedetts\u00e9gi garanci\u00e1t v\u00e1llalok!telefon: +36302240983e-mail: hello@szallodafotozas.hu","protected":false},"author":1,"featured_media":0,"parent":0,"menu_order":0,"comment_status":"closed","ping_status":"closed","template":"","meta":{"footnotes":""},"class_list":["post-767","page","type-page","status-publish"],"_links":{"self":[{"href":"https:\/\/www.szallodafotozas.hu\/en\/wp-json\/wp\/v2\/pages\/767","targetHints":{"allow":["GET"]}}],"collection":[{"href":"https:\/\/www.szallodafotozas.hu\/en\/wp-json\/wp\/v2\/pages"}],"about":[{"href":"https:\/\/www.szallodafotozas.hu\/en\/wp-json\/wp\/v2\/types\/page"}],"author":[{"embeddable":true,"href":"https:\/\/www.szallodafotozas.hu\/en\/wp-json\/wp\/v2\/users\/1"}],"replies":[{"embeddable":true,"href":"https:\/\/www.szallodafotozas.hu\/en\/wp-json\/wp\/v2\/comments?post=767"}],"version-history":[{"count":11,"href":"https:\/\/www.szallodafotozas.hu\/en\/wp-json\/wp\/v2\/pages\/767\/revisions"}],"predecessor-version":[{"id":3740,"href":"https:\/\/www.szallodafotozas.hu\/en\/wp-json\/wp\/v2\/pages\/767\/revisions\/3740"}],"wp:attachment":[{"href":"https:\/\/www.szallodafotozas.hu\/en\/wp-json\/wp\/v2\/media?parent=767"}],"curies":[{"name":"wp","href":"https:\/\/api.w.org\/{rel}","templated":true}]}}