{"id":142,"date":"2020-12-04T16:06:22","date_gmt":"2020-12-04T16:06:22","guid":{"rendered":"https:\/\/www.szallodafotozas.hu\/?page_id=142"},"modified":"2025-01-09T12:00:37","modified_gmt":"2025-01-09T12:00:37","slug":"tamas-pal","status":"publish","type":"page","link":"https:\/\/www.szallodafotozas.hu\/en\/tamas-pal\/","title":{"rendered":"Get to know me"},"content":{"rendered":"<div id=\"fws_69e5e8b18f657\"  data-column-margin=\"default\" data-midnight=\"light\"  class=\"wpb_row vc_row-fluid vc_row full-width-content has-row-bg-color vc_row-o-equal-height vc_row-flex vc_row-o-content-middle\"  style=\"padding-top: 0px; padding-bottom: 0px; --row-bg-color: #ff0059;\"><div class=\"row-bg-wrap\" data-bg-animation=\"none\" data-bg-animation-delay=\"\" data-bg-overlay=\"false\"><div class=\"inner-wrap row-bg-layer\" ><div class=\"row-bg viewport-desktop using-bg-color\"  style=\"background-color: #ff0059; \"><\/div><\/div><\/div><div class=\"row_col_wrap_12 col span_12 light left\">\n\t<div  class=\"vc_col-sm-8 wpb_column column_container vc_column_container col padding-7-percent inherit_tablet inherit_phone\"  data-padding-pos=\"all\" data-has-bg-color=\"false\" data-bg-color=\"\" data-bg-opacity=\"1\" data-animation=\"\" data-delay=\"0\" >\n\t\t<div class=\"vc_column-inner\" >\n\t\t\t<div class=\"wpb_wrapper\">\n\t\t\t\t\n<div class=\"wpb_text_column wpb_content_element\" >\n\t<h1>Pal Tamas<\/h1>\n<\/div>\n\n\n\n<div class=\"divider-wrap\" data-alignment=\"default\"><div style=\"height: 20px;\" class=\"divider\"><\/div><\/div>\n<div class=\"wpb_text_column wpb_content_element\" >\n\t<h2>\"What can depend on me cannot depend on me!\"<\/h2>\n<\/div>\n\n\n\n<div class=\"divider-wrap\" data-alignment=\"default\"><div style=\"height: 30px;\" class=\"divider\"><\/div><\/div>\n<div class=\"wpb_text_column wpb_content_element\" >\n\t<p class=\"p1\"><strong>That's the way it is in my work and it's the same outside of it. I believe that it is only worthwhile to start anything with all your heart, but let's not rush so far ahead.<\/strong><\/p>\n<p><strong>I was born on the last day of the summer of 1987. 18 years later, I made a special friendship with photography. My other hobby, cycling, helped me a lot on the way here. I pedaled competitively for years. I have been to beautiful places, which is why I had the opportunity to capture what I saw in photos. After my victory in the 2005 OX Hungarian Cycling Championship, I turned to photography instead of further racing. I already knew then that this is what I want to do: standing up in special situations, getting to know people, grasping their values, seeing behind the surface and making others aware of this.<\/strong><\/p>\n<p><strong>\"Although in this creative profession, according to many, a diploma is not what matters, I graduated of Photojournalism at the B\u00e1lint Gy\u00f6rgy Journalism Academy. I spent my internship in the editorial office of MTI (Hungarian Information Office). The experiences I gained there made me aware that I had chosen more than just a profession, a vocation.<\/strong><\/p>\n<p><strong>I worked as a photojournalist for four years, but I wanted to use my creativity at a higher level instead of the everyday grind. Business photography attracted me the most. Product, food, advertisement, event.<\/strong><\/p>\n<p><strong>From 2016, I expanded my services with interior photography, which has become the most defining activity of recent years. Due to the accumulated experience and known needs, I created my website especially to meet the visual needs of hotels and restaurants. My clients can get their complete visual appearance in one hand with the best end result and the most efficient implementation!<\/strong><\/p>\n<\/div>\n\n\n\n\n\t\t\t<\/div> \n\t\t<\/div>\n\t<\/div> \n\n\t<div  class=\"vc_col-sm-4 wpb_column column_container vc_column_container col no-extra-padding inherit_tablet inherit_phone\"  data-padding-pos=\"all\" data-has-bg-color=\"false\" data-bg-color=\"\" data-bg-opacity=\"1\" data-animation=\"\" data-delay=\"0\" >\n\t\t<div class=\"vc_column-inner\" >\n\t\t\t<div class=\"wpb_wrapper\">\n\t\t\t\t<div class=\"img-with-aniamtion-wrap\" data-max-width=\"100%\" data-max-width-mobile=\"default\" data-shadow=\"none\" data-animation=\"fade-in\" >\n      <div class=\"inner\">\n        <div class=\"hover-wrap\"> \n          <div class=\"hover-wrap-inner\">\n            <img loading=\"lazy\" decoding=\"async\" class=\"img-with-animation skip-lazy\" data-delay=\"0\" height=\"1200\" width=\"1500\" data-animation=\"fade-in\" src=\"https:\/\/www.szallodafotozas.hu\/wp-content\/uploads\/2020\/12\/Tama\u0301s-Pa\u0301l-04skype.jpg\" alt=\"Tam\u00e1s P\u00e1l fot\u00f3s\" srcset=\"https:\/\/www.szallodafotozas.hu\/wp-content\/uploads\/2020\/12\/Tama\u0301s-Pa\u0301l-04skype.jpg 1500w, https:\/\/www.szallodafotozas.hu\/wp-content\/uploads\/2020\/12\/Tama\u0301s-Pa\u0301l-04skype-300x240.jpg 300w, https:\/\/www.szallodafotozas.hu\/wp-content\/uploads\/2020\/12\/Tama\u0301s-Pa\u0301l-04skype-1024x819.jpg 1024w, https:\/\/www.szallodafotozas.hu\/wp-content\/uploads\/2020\/12\/Tama\u0301s-Pa\u0301l-04skype-768x614.jpg 768w\" sizes=\"auto, (max-width: 1500px) 100vw, 1500px\" title=\"\">\n          <\/div>\n        <\/div>\n        \n      <\/div>\n    <\/div>\n\t\t\t<\/div> \n\t\t<\/div>\n\t<\/div> \n<\/div><\/div>\n\t\t<div id=\"reasons\"  data-column-margin=\"default\" data-midnight=\"light\"  class=\"wpb_row vc_row-fluid vc_row full-width-content has-row-bg-color vc_row-o-equal-height vc_row-flex vc_row-o-content-middle\"  style=\"padding-top: 0px; padding-bottom: 0px; --row-bg-color: #ffffff;\"><div class=\"row-bg-wrap\" data-bg-animation=\"none\" data-bg-animation-delay=\"\" data-bg-overlay=\"false\"><div class=\"inner-wrap row-bg-layer\" ><div class=\"row-bg viewport-desktop using-bg-color\"  style=\"background-color: #ffffff; \"><\/div><\/div><\/div><div class=\"row_col_wrap_12 col span_12 light right\">\n\t<div style=\"\" class=\"vc_col-sm-6 wpb_column column_container vc_column_container col padding-3-percent inherit_tablet inherit_phone\" data-using-bg=\"true\" data-padding-pos=\"all\" data-has-bg-color=\"true\" data-bg-color=\"#f2f2f2\" data-bg-opacity=\"1\" data-animation=\"\" data-delay=\"0\" >\n\t\t<div class=\"vc_column-inner\" ><div class=\"column-bg-overlay-wrap column-bg-layer\" data-bg-animation=\"none\"><div class=\"column-bg-overlay\" style=\"opacity: 1; background-color: #f2f2f2;\"><\/div><\/div>\n\t\t\t<div class=\"wpb_wrapper\">\n\t\t\t\t<div id=\"fws_69e5e8b190e73\" data-midnight=\"\" data-column-margin=\"default\" class=\"wpb_row vc_row-fluid vc_row inner_row\"  style=\"\"><div class=\"row-bg-wrap\"> <div class=\"row-bg\" ><\/div> <\/div><div class=\"row_col_wrap_12_inner col span_12  left\">\n\t<div  class=\"vc_col-sm-6 vc_col-xs-offset-1 wpb_column column_container vc_column_container col child_column centered-text no-extra-padding inherit_tablet inherit_phone\"   data-padding-pos=\"all\" data-has-bg-color=\"false\" data-bg-color=\"\" data-bg-opacity=\"1\" data-animation=\"\" data-delay=\"0\" >\n\t\t<div class=\"vc_column-inner\" >\n\t\t<div class=\"wpb_wrapper\">\n\t\t\t<div class=\"milestone-wrap\"><div class=\"nectar-milestone motion_blur\" data-symbol=\"\u00e9v\" data-effect=\"motion_blur\" data-symbol-alignment=\"superscript\" data-symbol-pos=\"after\" data-symbol-size=\"57\" data-single-decimal-place=\"\" data-animation-delay=\"\" data-ms-align=\"default\" > <div class=\"number accent-color\" data-number-size=\"158\">20<div class=\"symbol-wrap\" style=\"font-size: 57px;\"><span class=\"symbol\">years<\/span><\/div><\/div> <div class=\"subject\" ><\/div> <\/div><\/div>\n\t\t<\/div> \n\t<\/div>\n\t<\/div> \n\n\t<div  class=\"vc_col-sm-6 wpb_column column_container vc_column_container col child_column padding-2-percent inherit_tablet inherit_phone\"   data-padding-pos=\"left\" data-has-bg-color=\"false\" data-bg-color=\"\" data-bg-opacity=\"1\" data-animation=\"\" data-delay=\"0\" >\n\t\t<div class=\"vc_column-inner\" >\n\t\t<div class=\"wpb_wrapper\">\n\t\t\t<div class=\"divider-wrap\" data-alignment=\"default\"><div style=\"height: 25px;\" class=\"divider\"><\/div><\/div>\n<div class=\"wpb_text_column wpb_content_element\" >\n\t<h4 style=\"text-align: left;\"><span style=\"color: #ff0059;\">Experience<\/span><\/h4>\n<h4 style=\"text-align: left;\"><span style=\"color: #ff0059;\">Vocation<\/span><\/h4>\n<h4 style=\"text-align: left;\"><span style=\"color: #ff0059;\">Passion<\/span><\/h4>\n<\/div>\n\n\n\n\n\t\t<\/div> \n\t<\/div>\n\t<\/div> \n<\/div><\/div>\n\t\t\t<\/div> \n\t\t<\/div>\n\t<\/div> \n\n\t<div style=\"\" class=\"vc_col-sm-3 wpb_column column_container vc_column_container col padding-10-percent inherit_tablet inherit_phone\" data-using-bg=\"true\" data-padding-pos=\"all\" data-has-bg-color=\"true\" data-bg-color=\"#ff0059\" data-bg-opacity=\"0.8\" data-animation=\"\" data-delay=\"0\" >\n\t\t<div class=\"vc_column-inner\" ><div class=\"column-image-bg-wrap column-bg-layer viewport-desktop\" data-bg-pos=\"center center\" data-bg-animation=\"none\" data-bg-overlay=\"false\"><div class=\"inner-wrap\"><div class=\"column-image-bg\" style=\" background-image: url('https:\/\/www.szallodafotozas.hu\/wp-content\/uploads\/2020\/12\/bakony_cover.jpg'); \"><\/div><\/div><\/div><div class=\"column-bg-overlay-wrap column-bg-layer\" data-bg-animation=\"none\"><div class=\"column-bg-overlay\" style=\"opacity: 0.8; background-color: #ff0059;\"><\/div><\/div>\n\t\t\t<div class=\"wpb_wrapper\">\n\t\t\t\t\n\t\t\t<\/div> \n\t\t<\/div>\n\t<\/div> \n\n\t<div style=\"\" class=\"vc_col-sm-3 wpb_column column_container vc_column_container col padding-10-percent inherit_tablet inherit_phone\" data-using-bg=\"true\" data-padding-pos=\"all\" data-has-bg-color=\"true\" data-bg-color=\"#ff0059\" data-bg-opacity=\"0.7\" data-animation=\"\" data-delay=\"0\" >\n\t\t<div class=\"vc_column-inner\" ><div class=\"column-image-bg-wrap column-bg-layer viewport-desktop\" data-bg-pos=\"center center\" data-bg-animation=\"none\" data-bg-overlay=\"false\"><div class=\"inner-wrap\"><div class=\"column-image-bg\" style=\" background-image: url('https:\/\/www.szallodafotozas.hu\/wp-content\/uploads\/2020\/12\/12187655_10201323383802823_5424696973998629531_n.jpg'); \"><\/div><\/div><\/div><div class=\"column-bg-overlay-wrap column-bg-layer\" data-bg-animation=\"none\"><div class=\"column-bg-overlay\" style=\"opacity: 0.7; background-color: #ff0059;\"><\/div><\/div>\n\t\t\t<div class=\"wpb_wrapper\">\n\t\t\t\t\n\t\t\t<\/div> \n\t\t<\/div>\n\t<\/div> \n<\/div><\/div>","protected":false},"excerpt":{"rendered":"Tam\u00e1s P\u00e1l \"Ami rajtam m\u00falhat, rajtam nem m\u00falhat!\" \u00cdgy van ez a munk\u00e1mban \u00e9s \u00edgy van azon k\u00edv\u00fcl is. Hiszem, hogy csakis teljes sz\u00edvvel \u00e9rdemes belekezdeni b\u00e1rmibe, de ne szaladjunk...","protected":false},"author":1,"featured_media":0,"parent":0,"menu_order":0,"comment_status":"closed","ping_status":"closed","template":"","meta":{"footnotes":""},"class_list":["post-142","page","type-page","status-publish"],"_links":{"self":[{"href":"https:\/\/www.szallodafotozas.hu\/en\/wp-json\/wp\/v2\/pages\/142","targetHints":{"allow":["GET"]}}],"collection":[{"href":"https:\/\/www.szallodafotozas.hu\/en\/wp-json\/wp\/v2\/pages"}],"about":[{"href":"https:\/\/www.szallodafotozas.hu\/en\/wp-json\/wp\/v2\/types\/page"}],"author":[{"embeddable":true,"href":"https:\/\/www.szallodafotozas.hu\/en\/wp-json\/wp\/v2\/users\/1"}],"replies":[{"embeddable":true,"href":"https:\/\/www.szallodafotozas.hu\/en\/wp-json\/wp\/v2\/comments?post=142"}],"version-history":[{"count":19,"href":"https:\/\/www.szallodafotozas.hu\/en\/wp-json\/wp\/v2\/pages\/142\/revisions"}],"predecessor-version":[{"id":2898,"href":"https:\/\/www.szallodafotozas.hu\/en\/wp-json\/wp\/v2\/pages\/142\/revisions\/2898"}],"wp:attachment":[{"href":"https:\/\/www.szallodafotozas.hu\/en\/wp-json\/wp\/v2\/media?parent=142"}],"curies":[{"name":"wp","href":"https:\/\/api.w.org\/{rel}","templated":true}]}}